{"id":6633,"date":"2022-01-18T15:33:22","date_gmt":"2022-01-18T14:33:22","guid":{"rendered":"https:\/\/www.hoesch-group.com\/impressao\/"},"modified":"2024-08-21T09:10:12","modified_gmt":"2024-08-21T07:10:12","slug":"impressao","status":"publish","type":"page","link":"https:\/\/www.hoesch-group.com\/pt-br\/impressao\/","title":{"rendered":"Aviso Legal"},"content":{"rendered":"<p><div class=\"fusion-fullwidth fullwidth-box fusion-builder-row-1 fusion-flex-container fusion-parallax-fixed nonhundred-percent-fullwidth non-hundred-percent-height-scrolling\" style=\"background-color: rgba(255,255,255,0);background-image: url(&quot;http:\/\/www.hoesch-group.com\/wp-content\/uploads\/2021\/10\/dueren.png&quot;);background-position: center center;background-repeat: no-repeat;border-width: 0px 0px 0px 0px;border-color:#eae9e9;border-style:solid;-webkit-background-size:cover;-moz-background-size:cover;-o-background-size:cover;background-size:cover;background-attachment:fixed;\" data-preload-img=\"http:\/\/www.hoesch-group.com\/wp-content\/uploads\/2021\/10\/dueren.png\" ><div class=\"fusion-builder-row fusion-row fusion-flex-align-items-center\" style=\"max-width:1216.8px;margin-left: calc(-4% \/ 2 );margin-right: calc(-4% \/ 2 );\"><div class=\"fusion-layout-column fusion_builder_column fusion-builder-column-0 fusion_builder_column_1_1 1_1 fusion-flex-column fusion-animated\" data-animationType=\"fadeInUp\" data-animationDuration=\"0.8\" data-animationOffset=\"top-into-view\"><div class=\"fusion-column-wrapper fusion-flex-justify-content-flex-start fusion-content-layout-column\" style=\"background-position:left top;background-repeat:no-repeat;-webkit-background-size:cover;-moz-background-size:cover;-o-background-size:cover;background-size:cover;padding: 0px 0px 0px 0px;\"><style type=\"text\/css\">@media only screen and (max-width:1024px) {.fusion-title.fusion-title-1{margin-top:0px!important; margin-right:0px!important;margin-bottom:31px!important;margin-left:0px!important;}}@media only screen and (max-width:640px) {.fusion-title.fusion-title-1{margin-top:0px!important; margin-right:0px!important;margin-bottom:20px!important; margin-left:0px!important;}}<\/style><div class=\"fusion-title title fusion-title-1 fusion-sep-none fusion-title-center fusion-title-text fusion-title-size-one\" style=\"font-size:90px;margin-top:0px;margin-right:0px;margin-bottom:31px;margin-left:0px;\"><h1 class=\"title-heading-center fusion-responsive-typography-calculated\" style=\"font-family:var(--awb-typography1-font-family);font-weight:var(--awb-typography1-font-weight);font-style:var(--awb-typography1-font-style);margin:0;font-size:1em;letter-spacing:var(--awb-typography1-letter-spacing);text-transform:var(--awb-typography1-text-transform);color:#ffffff;--fontSize:90;line-height:var(--awb-typography1-line-height);\">Aviso Legal<\/h1><\/div><\/div><style type=\"text\/css\">.fusion-body .fusion-builder-column-0{width:100% !important;margin-top : 0px;margin-bottom : 0px;}.fusion-builder-column-0 > .fusion-column-wrapper {padding-top : 0px !important;padding-right : 0px !important;margin-right : 1.92%;padding-bottom : 0px !important;padding-left : 0px !important;margin-left : 1.92%;}@media only screen and (max-width:1024px) {.fusion-body .fusion-builder-column-0{width:100% !important;order : 0;}.fusion-builder-column-0 > .fusion-column-wrapper {margin-right : 1.92%;margin-left : 1.92%;}}@media only screen and (max-width:640px) {.fusion-body .fusion-builder-column-0{width:100% !important;order : 0;}.fusion-builder-column-0 > .fusion-column-wrapper {margin-right : 1.92%;margin-left : 1.92%;}}<\/style><\/div><\/div><style type=\"text\/css\">.fusion-body .fusion-flex-container.fusion-builder-row-1{ padding-top : 4vw;margin-top : 0px;padding-right : 30px;padding-bottom : 4vw;margin-bottom : 0px;padding-left : 30px;min-height:calc( 100vh - 250px );}@media only screen and (max-width:640px) {.fusion-body .fusion-flex-container.fusion-builder-row-1{ padding-top : 12vw;padding-bottom : 12vw;}}<\/style><\/div><div class=\"fusion-fullwidth fullwidth-box fusion-builder-row-2 fusion-flex-container nonhundred-percent-fullwidth non-hundred-percent-height-scrolling\" style=\"background-color: rgba(255,255,255,0);background-position: center center;background-repeat: no-repeat;border-width: 0px 0px 0px 0px;border-color:#eae9e9;border-style:solid;\" ><div class=\"fusion-builder-row fusion-row fusion-flex-align-items-flex-start\" style=\"max-width:1216.8px;margin-left: calc(-4% \/ 2 );margin-right: calc(-4% \/ 2 );\"><div class=\"fusion-layout-column fusion_builder_column fusion-builder-column-1 fusion_builder_column_1_3 1_3 fusion-flex-column\"><div class=\"fusion-column-wrapper fusion-flex-justify-content-flex-start fusion-content-layout-column\" style=\"background-position:left top;background-repeat:no-repeat;-webkit-background-size:cover;-moz-background-size:cover;-o-background-size:cover;background-size:cover;padding: 0px 0px 0px 0px;\"><style type=\"text\/css\">@media only screen and (max-width:1024px) {.fusion-title.fusion-title-2{margin-top:0px!important; margin-right:0px!important;margin-bottom:31px!important;margin-left:0px!important;}}@media only screen and (max-width:640px) {.fusion-title.fusion-title-2{margin-top:0px!important; margin-right:0px!important;margin-bottom:20px!important; margin-left:0px!important;}}<\/style><div class=\"fusion-title title fusion-title-2 fusion-sep-none fusion-title-text fusion-title-size-three\" style=\"margin-top:0px;margin-right:0px;margin-bottom:31px;margin-left:0px;\"><h3 class=\"title-heading-left fusion-responsive-typography-calculated\" style=\"margin:0;--fontSize:32;line-height:1.4;\">Respons\u00e1vel pelo conte\u00fado:<\/h3><\/div><div class=\"fusion-text fusion-text-1\"><h5>HOESCH Metalurgia GmbH<\/h5>\n<p>Neue Str. 21<br \/>\nD-52382 Niederzier<br \/>\nAlemanha<\/p>\n<h5>Contato:<\/h5>\n<p>Telefone: +49 2421 809-0<br \/>\nE-mail: info@hoesch-metallurgie.com<\/p>\n<h5>Diretor Administrativo:<\/h5>\n<p>Dr.-Ing. Dipl.-Wirt.-Ing. Reiner Bauer<\/p>\n<p>Dipl.-Ing. Dipl.-Betr. Wirt. (FH) Michael Wolf<\/p>\n<h5>Registro Comercial:<\/h5>\n<p>Tribunal distrital de D\u00fcren<br \/>\nHRB 721<\/p>\n<h5>N\u00ba de IVA:<\/h5>\n<p>DE122290364<\/p>\n<\/div><\/div><style type=\"text\/css\">.fusion-body .fusion-builder-column-1{width:33.3333333333% !important;margin-top : 0px;margin-bottom : 0px;}.fusion-builder-column-1 > .fusion-column-wrapper {padding-top : 0px !important;padding-right : 0px !important;margin-right : 5.76%;padding-bottom : 0px !important;padding-left : 0px !important;margin-left : 5.76%;}@media only screen and (max-width:1024px) {.fusion-body .fusion-builder-column-1{width:100% !important;order : 0;}.fusion-builder-column-1 > .fusion-column-wrapper {margin-right : 1.92%;margin-left : 1.92%;}}@media only screen and (max-width:640px) {.fusion-body .fusion-builder-column-1{width:100% !important;order : 0;}.fusion-builder-column-1 > .fusion-column-wrapper {margin-right : 1.92%;margin-left : 1.92%;}}<\/style><\/div><div class=\"fusion-layout-column fusion_builder_column fusion-builder-column-2 fusion_builder_column_2_3 2_3 fusion-flex-column\"><div class=\"fusion-column-wrapper fusion-flex-justify-content-flex-start fusion-content-layout-column\" style=\"background-position:left top;background-repeat:no-repeat;-webkit-background-size:cover;-moz-background-size:cover;-o-background-size:cover;background-size:cover;padding: 0px 0px 0px 0px;\"><style type=\"text\/css\">@media only screen and (max-width:1024px) {.fusion-title.fusion-title-3{margin-top:0px!important; margin-right:0px!important;margin-bottom:31px!important;margin-left:0px!important;}}@media only screen and (max-width:640px) {.fusion-title.fusion-title-3{margin-top:0px!important; margin-right:0px!important;margin-bottom:20px!important; margin-left:0px!important;}}<\/style><div class=\"fusion-title title fusion-title-3 fusion-sep-none fusion-title-text fusion-title-size-three\" style=\"margin-top:0px;margin-right:0px;margin-bottom:31px;margin-left:0px;\"><h3 class=\"title-heading-left fusion-responsive-typography-calculated\" style=\"margin:0;--fontSize:32;line-height:1.4;\">Aviso Legal<\/h3><\/div><div class=\"fusion-text fusion-text-2\"><h4 class=\"fusion-responsive-typography-calculated\" style=\"--fontsize: 24; line-height: 1.4; --minfontsize: 24;\" data-fontsize=\"24\" data-lineheight=\"33.599998px\">Responsabilidade pelo conte\u00fado<\/h4>\n<p>O conte\u00fado de nossas p\u00e1ginas foi criado com o m\u00e1ximo cuidado. No entanto, n\u00e3o podemos garantir a sua precis\u00e3o, completude e atualidade do conte\u00fado. Como prestadores de servi\u00e7o, somos, de acordo com a se\u00e7\u00e3o 7, par\u00e1grafo 1\u00ba do TMG, respons\u00e1veis pelo nosso pr\u00f3prio conte\u00fado contido nestas p\u00e1ginas, de acordo com as leis gerais. No entanto, de acordo com as se\u00e7\u00f5es 8 a 10 do TMG, n\u00e3o somos obrigados, como prestadores de servi\u00e7o, a monitorar informa\u00e7\u00f5es de terceiros transmitidas ou armazenadas nem a investigar circunst\u00e2ncias que indiquem atividades ilegais. As obriga\u00e7\u00f5es de remover ou bloquear o uso de informa\u00e7\u00f5es de acordo com as leis gerais permanecem inalteradas. No entanto, a responsabilidade nesse sentido s\u00f3 \u00e9 poss\u00edvel a partir do momento em que temos conhecimento de uma infra\u00e7\u00e3o espec\u00edfica. Se tomarmos conhecimento de tais infra\u00e7\u00f5es, removeremos imediatamente o conte\u00fado em quest\u00e3o.<\/p>\n<h4 class=\"fusion-responsive-typography-calculated\" style=\"--fontsize: 24; line-height: 1.4; --minfontsize: 24;\" data-fontsize=\"24\" data-lineheight=\"33.599998px\">Responsabilidade por links<\/h4>\n<p>Nossa oferta cont\u00e9m links para sites externos de terceiros, sobre os quais n\u00e3o temos influ\u00eancia. Portanto, n\u00e3o podemos assumir qualquer responsabilidade por esses conte\u00fados externos. O respectivo provedor ou operador das p\u00e1ginas ser\u00e1 sempre respons\u00e1vel pelo conte\u00fado das p\u00e1ginas contendo os links. As p\u00e1ginas com links foram verificadas quanto a poss\u00edveis viola\u00e7\u00f5es legais no momento da inser\u00e7\u00e3o dos links. Conte\u00fados ilegais n\u00e3o foram identificados no momento da inser\u00e7\u00e3o dos links. No entanto, um controle permanente dos conte\u00fados das p\u00e1ginas com links n\u00e3o \u00e9 razo\u00e1vel sem provas concretas de uma viola\u00e7\u00e3o da lei. Se tomarmos conhecimento de infra\u00e7\u00f5es legais, removeremos imediatamente esses links.<\/p>\n<h4 class=\"fusion-responsive-typography-calculated\" style=\"--fontsize: 24; line-height: 1.4; --minfontsize: 24;\" data-fontsize=\"24\" data-lineheight=\"33.599998px\">Direitos autorais<\/h4>\n<p>Os conte\u00fados e obras criados pelos operadores do site nessas p\u00e1ginas est\u00e3o sujeitos \u00e0 lei de direitos autorais alem\u00e3. A duplica\u00e7\u00e3o, processamento, distribui\u00e7\u00e3o ou qualquer forma de comercializa\u00e7\u00e3o desse material al\u00e9m do escopo da lei de direitos autorais requer o consentimento pr\u00e9vio por escrito do respectivo autor ou criador. Downloads e c\u00f3pias desta p\u00e1gina s\u00e3o permitidos apenas para uso privado, n\u00e3o comercial. Na medida em que o conte\u00fado desta p\u00e1gina n\u00e3o foi criado pelo operador, os direitos autorais de terceiros s\u00e3o respeitados. Em particular, o conte\u00fado de terceiros \u00e9 identificado como tal. Mesmo assim, caso tome conhecimento de uma viola\u00e7\u00e3o de direitos autorais, favor nos informar. Se tomarmos conhecimento de infra\u00e7\u00f5es, removeremos imediatamente esse conte\u00fado.<\/p>\n<h4 class=\"fusion-responsive-typography-calculated\" style=\"--fontsize: 24; line-height: 1.4; --minfontsize: 24;\" data-fontsize=\"24\" data-lineheight=\"33.599998px\">Publicidade n\u00e3o solicitada \/ Privacidade<\/h4>\n<p>O uso dos dados de contato do aviso legal para publicidade comercial \u00e9 expressamente n\u00e3o desejado, a menos que o provedor tenha dado seu consentimento pr\u00e9vio por escrito ou j\u00e1 exista uma rela\u00e7\u00e3o comercial. O provedor e todas as pessoas mencionadas neste site se op\u00f5em expressamente a qualquer uso comercial e divulga\u00e7\u00e3o de seus dados.<\/p>\n<p>&nbsp;<\/p>\n<\/div><\/div><style type=\"text\/css\">.fusion-body .fusion-builder-column-2{width:66.6666666667% !important;margin-top : 0px;margin-bottom : 0px;}.fusion-builder-column-2 > .fusion-column-wrapper {padding-top : 0px !important;padding-right : 0px !important;margin-right : 2.88%;padding-bottom : 0px !important;padding-left : 0px !important;margin-left : 2.88%;}@media only screen and (max-width:1024px) {.fusion-body .fusion-builder-column-2{width:100% !important;order : 0;}.fusion-builder-column-2 > .fusion-column-wrapper {margin-right : 1.92%;margin-left : 1.92%;}}@media only screen and (max-width:640px) {.fusion-body .fusion-builder-column-2{width:100% !important;order : 0;}.fusion-builder-column-2 > .fusion-column-wrapper {margin-right : 1.92%;margin-left : 1.92%;}}<\/style><\/div><\/div><style type=\"text\/css\">.fusion-body .fusion-flex-container.fusion-builder-row-2{ padding-top : 0px;margin-top : 50px;padding-right : 30px;padding-bottom : 0px;margin-bottom : 0px;padding-left : 30px;}<\/style><\/div><\/p>\n","protected":false},"excerpt":{"rendered":"","protected":false},"author":1,"featured_media":0,"parent":0,"menu_order":0,"comment_status":"closed","ping_status":"closed","template":"100-width.php","meta":{"footnotes":""},"class_list":["post-6633","page","type-page","status-publish","hentry"],"_links":{"self":[{"href":"https:\/\/www.hoesch-group.com\/pt-br\/wp-json\/wp\/v2\/pages\/6633","targetHints":{"allow":["GET"]}}],"collection":[{"href":"https:\/\/www.hoesch-group.com\/pt-br\/wp-json\/wp\/v2\/pages"}],"about":[{"href":"https:\/\/www.hoesch-group.com\/pt-br\/wp-json\/wp\/v2\/types\/page"}],"author":[{"embeddable":true,"href":"https:\/\/www.hoesch-group.com\/pt-br\/wp-json\/wp\/v2\/users\/1"}],"replies":[{"embeddable":true,"href":"https:\/\/www.hoesch-group.com\/pt-br\/wp-json\/wp\/v2\/comments?post=6633"}],"version-history":[{"count":10,"href":"https:\/\/www.hoesch-group.com\/pt-br\/wp-json\/wp\/v2\/pages\/6633\/revisions"}],"predecessor-version":[{"id":6983,"href":"https:\/\/www.hoesch-group.com\/pt-br\/wp-json\/wp\/v2\/pages\/6633\/revisions\/6983"}],"wp:attachment":[{"href":"https:\/\/www.hoesch-group.com\/pt-br\/wp-json\/wp\/v2\/media?parent=6633"}],"curies":[{"name":"wp","href":"https:\/\/api.w.org\/{rel}","templated":true}]}}